{"id":39,"date":"2025-08-28T09:52:14","date_gmt":"2025-08-28T09:52:14","guid":{"rendered":"https:\/\/www.nha.hockey\/?page_id=39"},"modified":"2025-10-15T13:28:31","modified_gmt":"2025-10-15T11:28:31","slug":"abonnement-de-saison","status":"publish","type":"page","link":"https:\/\/www.nha.hockey\/index.php\/partenaires\/abonnement-de-saison\/","title":{"rendered":"Abonnement de saison"},"content":{"rendered":"\t\t<div data-elementor-type=\"wp-page\" data-elementor-id=\"39\" class=\"elementor elementor-39\">\n\t\t\t\t<div class=\"elementor-element elementor-element-01d0972 e-flex e-con-boxed wpr-particle-no wpr-jarallax-no wpr-parallax-no wpr-sticky-section-no wpr-column-slider-no wpr-equal-height-no e-con e-parent\" data-id=\"01d0972\" data-element_type=\"container\" data-e-type=\"container\">\n\t\t\t\t\t<div class=\"e-con-inner\">\n\t\t\t\t<div class=\"elementor-element elementor-element-470ba80 elementor-widget elementor-widget-html\" data-id=\"470ba80\" data-element_type=\"widget\" data-e-type=\"widget\" data-widget_type=\"html.default\">\n\t\t\t\t\t<div style=\"width:100%;height:1000px;\" data-fillout-id=\"u4dwj4GZtUus\" data-fillout-embed-type=\"standard\" data-fillout-inherit-parameters data-fillout-dynamic-resize><\/div><script src=\"https:\/\/server.fillout.com\/embed\/v1\/\"><\/script>\n\t\t\t\t<\/div>\n\t\t\t\t\t<\/div>\n\t\t\t\t<\/div>\n\t\t\t\t<\/div>\n\t\t","protected":false},"excerpt":{"rendered":"<p>Devenez supporter de la Neuch\u00e2tel Hockey Academy ! Profitez des abonnements de saison pour assister \u00e0 tous les matchs et soutenir nos \u00e9quipes engag\u00e9es en PostFinance Women\u2019s League, ligue C et ligue D.<\/p>\n","protected":false},"author":3,"featured_media":1847,"parent":33,"menu_order":0,"comment_status":"closed","ping_status":"closed","template":"","meta":{"footnotes":""},"class_list":["post-39","page","type-page","status-publish","has-post-thumbnail","hentry"],"yoast_head":"<!-- This site is optimized with the Yoast SEO plugin v27.5 - https:\/\/yoast.com\/product\/yoast-seo-wordpress\/ -->\n<title>Abonnement de saison - NHA | Neuch\u00e2tel Hockey Academy<\/title>\n<meta name=\"description\" content=\"Devenez supporter de la Neuch\u00e2tel Hockey Academy ! Profitez de labonnement de saison pour assister \u00e0 tous les matchs et soutenir nos \u00e9quipes engag\u00e9es en PostFinance Women\u2019s League, ligue C et ligue D.\" \/>\n<meta name=\"robots\" content=\"index, follow, max-snippet:-1, max-image-preview:large, max-video-preview:-1\" \/>\n<link rel=\"canonical\" href=\"https:\/\/www.nha.hockey\/index.php\/partenaires\/abonnement-de-saison\/\" \/>\n<meta property=\"og:locale\" content=\"fr_FR\" \/>\n<meta property=\"og:type\" content=\"article\" \/>\n<meta property=\"og:title\" content=\"Abonnement de saison - NHA | Neuch\u00e2tel Hockey Academy\" \/>\n<meta property=\"og:description\" content=\"Devenez supporter de la Neuch\u00e2tel Hockey Academy ! Profitez de labonnement de saison pour assister \u00e0 tous les matchs et soutenir nos \u00e9quipes engag\u00e9es en PostFinance Women\u2019s League, ligue C et ligue D.\" \/>\n<meta property=\"og:url\" content=\"https:\/\/www.nha.hockey\/index.php\/partenaires\/abonnement-de-saison\/\" \/>\n<meta property=\"og:site_name\" content=\"NHA | Neuch\u00e2tel Hockey Academy\" \/>\n<meta property=\"article:publisher\" content=\"https:\/\/www.facebook.com\/neuchatelhockeyacademy?locale=fr_FR\" \/>\n<meta property=\"article:modified_time\" content=\"2025-10-15T11:28:31+00:00\" \/>\n<meta property=\"og:image\" content=\"https:\/\/www.nha.hockey\/wp-content\/uploads\/2025\/10\/54837949566_b3d5389527_o-1.jpg\" \/>\n\t<meta property=\"og:image:width\" content=\"2400\" \/>\n\t<meta property=\"og:image:height\" content=\"1620\" \/>\n\t<meta property=\"og:image:type\" content=\"image\/jpeg\" \/>\n<meta name=\"twitter:card\" content=\"summary_large_image\" \/>\n<script type=\"application\/ld+json\" class=\"yoast-schema-graph\">{\"@context\":\"https:\\\/\\\/schema.org\",\"@graph\":[{\"@type\":\"WebPage\",\"@id\":\"https:\\\/\\\/www.nha.hockey\\\/index.php\\\/partenaires\\\/abonnement-de-saison\\\/\",\"url\":\"https:\\\/\\\/www.nha.hockey\\\/index.php\\\/partenaires\\\/abonnement-de-saison\\\/\",\"name\":\"Abonnement de saison - NHA | Neuch\u00e2tel Hockey Academy\",\"isPartOf\":{\"@id\":\"https:\\\/\\\/www.nha.hockey\\\/#website\"},\"primaryImageOfPage\":{\"@id\":\"https:\\\/\\\/www.nha.hockey\\\/index.php\\\/partenaires\\\/abonnement-de-saison\\\/#primaryimage\"},\"image\":{\"@id\":\"https:\\\/\\\/www.nha.hockey\\\/index.php\\\/partenaires\\\/abonnement-de-saison\\\/#primaryimage\"},\"thumbnailUrl\":\"https:\\\/\\\/www.nha.hockey\\\/wp-content\\\/uploads\\\/2025\\\/10\\\/54837949566_b3d5389527_o-1.jpg\",\"datePublished\":\"2025-08-28T09:52:14+00:00\",\"dateModified\":\"2025-10-15T11:28:31+00:00\",\"description\":\"Devenez supporter de la Neuch\u00e2tel Hockey Academy ! Profitez de labonnement de saison pour assister \u00e0 tous les matchs et soutenir nos \u00e9quipes engag\u00e9es en PostFinance Women\u2019s League, ligue C et ligue D.\",\"breadcrumb\":{\"@id\":\"https:\\\/\\\/www.nha.hockey\\\/index.php\\\/partenaires\\\/abonnement-de-saison\\\/#breadcrumb\"},\"inLanguage\":\"fr-FR\",\"potentialAction\":[{\"@type\":\"ReadAction\",\"target\":[\"https:\\\/\\\/www.nha.hockey\\\/index.php\\\/partenaires\\\/abonnement-de-saison\\\/\"]}]},{\"@type\":\"ImageObject\",\"inLanguage\":\"fr-FR\",\"@id\":\"https:\\\/\\\/www.nha.hockey\\\/index.php\\\/partenaires\\\/abonnement-de-saison\\\/#primaryimage\",\"url\":\"https:\\\/\\\/www.nha.hockey\\\/wp-content\\\/uploads\\\/2025\\\/10\\\/54837949566_b3d5389527_o-1.jpg\",\"contentUrl\":\"https:\\\/\\\/www.nha.hockey\\\/wp-content\\\/uploads\\\/2025\\\/10\\\/54837949566_b3d5389527_o-1.jpg\",\"width\":2400,\"height\":1620,\"caption\":\"Match NHA vs Langenthal Ice Hockey\"},{\"@type\":\"BreadcrumbList\",\"@id\":\"https:\\\/\\\/www.nha.hockey\\\/index.php\\\/partenaires\\\/abonnement-de-saison\\\/#breadcrumb\",\"itemListElement\":[{\"@type\":\"ListItem\",\"position\":1,\"name\":\"Accueil\",\"item\":\"https:\\\/\\\/www.nha.hockey\\\/\"},{\"@type\":\"ListItem\",\"position\":2,\"name\":\"Partenaires\",\"item\":\"https:\\\/\\\/www.nha.hockey\\\/index.php\\\/partenaires\\\/\"},{\"@type\":\"ListItem\",\"position\":3,\"name\":\"Abonnement de saison\"}]},{\"@type\":\"WebSite\",\"@id\":\"https:\\\/\\\/www.nha.hockey\\\/#website\",\"url\":\"https:\\\/\\\/www.nha.hockey\\\/\",\"name\":\"NHA | Neuch\u00e2tel Hockey Academy\",\"description\":\"Le hockey sur glace? Un sport de filles!\",\"publisher\":{\"@id\":\"https:\\\/\\\/www.nha.hockey\\\/#organization\"},\"potentialAction\":[{\"@type\":\"SearchAction\",\"target\":{\"@type\":\"EntryPoint\",\"urlTemplate\":\"https:\\\/\\\/www.nha.hockey\\\/?s={search_term_string}\"},\"query-input\":{\"@type\":\"PropertyValueSpecification\",\"valueRequired\":true,\"valueName\":\"search_term_string\"}}],\"inLanguage\":\"fr-FR\"},{\"@type\":\"Organization\",\"@id\":\"https:\\\/\\\/www.nha.hockey\\\/#organization\",\"name\":\"NHA | Neuch\u00e2tel Hockey Academy\",\"url\":\"https:\\\/\\\/www.nha.hockey\\\/\",\"logo\":{\"@type\":\"ImageObject\",\"inLanguage\":\"fr-FR\",\"@id\":\"https:\\\/\\\/www.nha.hockey\\\/#\\\/schema\\\/logo\\\/image\\\/\",\"url\":\"https:\\\/\\\/www.nha.hockey\\\/wp-content\\\/uploads\\\/2025\\\/08\\\/logo_club_bleu.png\",\"contentUrl\":\"https:\\\/\\\/www.nha.hockey\\\/wp-content\\\/uploads\\\/2025\\\/08\\\/logo_club_bleu.png\",\"width\":1081,\"height\":620,\"caption\":\"NHA | Neuch\u00e2tel Hockey Academy\"},\"image\":{\"@id\":\"https:\\\/\\\/www.nha.hockey\\\/#\\\/schema\\\/logo\\\/image\\\/\"},\"sameAs\":[\"https:\\\/\\\/www.facebook.com\\\/neuchatelhockeyacademy?locale=fr_FR\",\"https:\\\/\\\/www.instagram.com\\\/neuchatelhockeyacademy\\\/\"]}]}<\/script>\n<!-- \/ Yoast SEO plugin. -->","yoast_head_json":{"title":"Abonnement de saison - NHA | Neuch\u00e2tel Hockey Academy","description":"Devenez supporter de la Neuch\u00e2tel Hockey Academy ! Profitez de labonnement de saison pour assister \u00e0 tous les matchs et soutenir nos \u00e9quipes engag\u00e9es en PostFinance Women\u2019s League, ligue C et ligue D.","robots":{"index":"index","follow":"follow","max-snippet":"max-snippet:-1","max-image-preview":"max-image-preview:large","max-video-preview":"max-video-preview:-1"},"canonical":"https:\/\/www.nha.hockey\/index.php\/partenaires\/abonnement-de-saison\/","og_locale":"fr_FR","og_type":"article","og_title":"Abonnement de saison - NHA | Neuch\u00e2tel Hockey Academy","og_description":"Devenez supporter de la Neuch\u00e2tel Hockey Academy ! Profitez de labonnement de saison pour assister \u00e0 tous les matchs et soutenir nos \u00e9quipes engag\u00e9es en PostFinance Women\u2019s League, ligue C et ligue D.","og_url":"https:\/\/www.nha.hockey\/index.php\/partenaires\/abonnement-de-saison\/","og_site_name":"NHA | Neuch\u00e2tel Hockey Academy","article_publisher":"https:\/\/www.facebook.com\/neuchatelhockeyacademy?locale=fr_FR","article_modified_time":"2025-10-15T11:28:31+00:00","og_image":[{"width":2400,"height":1620,"url":"https:\/\/www.nha.hockey\/wp-content\/uploads\/2025\/10\/54837949566_b3d5389527_o-1.jpg","type":"image\/jpeg"}],"twitter_card":"summary_large_image","schema":{"@context":"https:\/\/schema.org","@graph":[{"@type":"WebPage","@id":"https:\/\/www.nha.hockey\/index.php\/partenaires\/abonnement-de-saison\/","url":"https:\/\/www.nha.hockey\/index.php\/partenaires\/abonnement-de-saison\/","name":"Abonnement de saison - NHA | Neuch\u00e2tel Hockey Academy","isPartOf":{"@id":"https:\/\/www.nha.hockey\/#website"},"primaryImageOfPage":{"@id":"https:\/\/www.nha.hockey\/index.php\/partenaires\/abonnement-de-saison\/#primaryimage"},"image":{"@id":"https:\/\/www.nha.hockey\/index.php\/partenaires\/abonnement-de-saison\/#primaryimage"},"thumbnailUrl":"https:\/\/www.nha.hockey\/wp-content\/uploads\/2025\/10\/54837949566_b3d5389527_o-1.jpg","datePublished":"2025-08-28T09:52:14+00:00","dateModified":"2025-10-15T11:28:31+00:00","description":"Devenez supporter de la Neuch\u00e2tel Hockey Academy ! Profitez de labonnement de saison pour assister \u00e0 tous les matchs et soutenir nos \u00e9quipes engag\u00e9es en PostFinance Women\u2019s League, ligue C et ligue D.","breadcrumb":{"@id":"https:\/\/www.nha.hockey\/index.php\/partenaires\/abonnement-de-saison\/#breadcrumb"},"inLanguage":"fr-FR","potentialAction":[{"@type":"ReadAction","target":["https:\/\/www.nha.hockey\/index.php\/partenaires\/abonnement-de-saison\/"]}]},{"@type":"ImageObject","inLanguage":"fr-FR","@id":"https:\/\/www.nha.hockey\/index.php\/partenaires\/abonnement-de-saison\/#primaryimage","url":"https:\/\/www.nha.hockey\/wp-content\/uploads\/2025\/10\/54837949566_b3d5389527_o-1.jpg","contentUrl":"https:\/\/www.nha.hockey\/wp-content\/uploads\/2025\/10\/54837949566_b3d5389527_o-1.jpg","width":2400,"height":1620,"caption":"Match NHA vs Langenthal Ice Hockey"},{"@type":"BreadcrumbList","@id":"https:\/\/www.nha.hockey\/index.php\/partenaires\/abonnement-de-saison\/#breadcrumb","itemListElement":[{"@type":"ListItem","position":1,"name":"Accueil","item":"https:\/\/www.nha.hockey\/"},{"@type":"ListItem","position":2,"name":"Partenaires","item":"https:\/\/www.nha.hockey\/index.php\/partenaires\/"},{"@type":"ListItem","position":3,"name":"Abonnement de saison"}]},{"@type":"WebSite","@id":"https:\/\/www.nha.hockey\/#website","url":"https:\/\/www.nha.hockey\/","name":"NHA | Neuch\u00e2tel Hockey Academy","description":"Le hockey sur glace? Un sport de filles!","publisher":{"@id":"https:\/\/www.nha.hockey\/#organization"},"potentialAction":[{"@type":"SearchAction","target":{"@type":"EntryPoint","urlTemplate":"https:\/\/www.nha.hockey\/?s={search_term_string}"},"query-input":{"@type":"PropertyValueSpecification","valueRequired":true,"valueName":"search_term_string"}}],"inLanguage":"fr-FR"},{"@type":"Organization","@id":"https:\/\/www.nha.hockey\/#organization","name":"NHA | Neuch\u00e2tel Hockey Academy","url":"https:\/\/www.nha.hockey\/","logo":{"@type":"ImageObject","inLanguage":"fr-FR","@id":"https:\/\/www.nha.hockey\/#\/schema\/logo\/image\/","url":"https:\/\/www.nha.hockey\/wp-content\/uploads\/2025\/08\/logo_club_bleu.png","contentUrl":"https:\/\/www.nha.hockey\/wp-content\/uploads\/2025\/08\/logo_club_bleu.png","width":1081,"height":620,"caption":"NHA | Neuch\u00e2tel Hockey Academy"},"image":{"@id":"https:\/\/www.nha.hockey\/#\/schema\/logo\/image\/"},"sameAs":["https:\/\/www.facebook.com\/neuchatelhockeyacademy?locale=fr_FR","https:\/\/www.instagram.com\/neuchatelhockeyacademy\/"]}]}},"_links":{"self":[{"href":"https:\/\/www.nha.hockey\/index.php\/wp-json\/wp\/v2\/pages\/39","targetHints":{"allow":["GET"]}}],"collection":[{"href":"https:\/\/www.nha.hockey\/index.php\/wp-json\/wp\/v2\/pages"}],"about":[{"href":"https:\/\/www.nha.hockey\/index.php\/wp-json\/wp\/v2\/types\/page"}],"author":[{"embeddable":true,"href":"https:\/\/www.nha.hockey\/index.php\/wp-json\/wp\/v2\/users\/3"}],"replies":[{"embeddable":true,"href":"https:\/\/www.nha.hockey\/index.php\/wp-json\/wp\/v2\/comments?post=39"}],"version-history":[{"count":16,"href":"https:\/\/www.nha.hockey\/index.php\/wp-json\/wp\/v2\/pages\/39\/revisions"}],"predecessor-version":[{"id":2212,"href":"https:\/\/www.nha.hockey\/index.php\/wp-json\/wp\/v2\/pages\/39\/revisions\/2212"}],"up":[{"embeddable":true,"href":"https:\/\/www.nha.hockey\/index.php\/wp-json\/wp\/v2\/pages\/33"}],"wp:featuredmedia":[{"embeddable":true,"href":"https:\/\/www.nha.hockey\/index.php\/wp-json\/wp\/v2\/media\/1847"}],"wp:attachment":[{"href":"https:\/\/www.nha.hockey\/index.php\/wp-json\/wp\/v2\/media?parent=39"}],"curies":[{"name":"wp","href":"https:\/\/api.w.org\/{rel}","templated":true}]}}