{"id":173,"date":"2025-08-29T15:17:38","date_gmt":"2025-08-29T15:17:38","guid":{"rendered":"https:\/\/www.nha.hockey\/?page_id=173"},"modified":"2026-01-27T17:20:37","modified_gmt":"2026-01-27T15:20:37","slug":"benevolats","status":"publish","type":"page","link":"https:\/\/www.nha.hockey\/index.php\/informations\/benevolats\/","title":{"rendered":"B\u00e9n\u00e9volats"},"content":{"rendered":"\t\t<div data-elementor-type=\"wp-page\" data-elementor-id=\"173\" class=\"elementor elementor-173\">\n\t\t\t\t<div class=\"elementor-element elementor-element-f1f7a2a e-flex e-con-boxed wpr-particle-no wpr-jarallax-no wpr-parallax-no wpr-sticky-section-no wpr-column-slider-no wpr-equal-height-no e-con e-parent\" data-id=\"f1f7a2a\" data-element_type=\"container\" data-e-type=\"container\">\n\t\t\t\t\t<div class=\"e-con-inner\">\n\t\t\t\t<div class=\"elementor-element elementor-element-a5bea9a elementor-widget elementor-widget-text-editor\" data-id=\"a5bea9a\" data-element_type=\"widget\" data-e-type=\"widget\" data-widget_type=\"text-editor.default\">\n\t\t\t\t\t\t\t\t\t<h2 style=\"text-align: center;\">B\u00e9n\u00e9volats<\/h2><h1 style=\"text-align: center;\">On a besoin de toi !<\/h1>\t\t\t\t\t\t\t\t<\/div>\n\t\t\t\t\t<\/div>\n\t\t\t\t<\/div>\n\t\t<div class=\"elementor-element elementor-element-8182dae e-flex e-con-boxed wpr-particle-no wpr-jarallax-no wpr-parallax-no wpr-sticky-section-no wpr-column-slider-no wpr-equal-height-no e-con e-parent\" data-id=\"8182dae\" data-element_type=\"container\" data-e-type=\"container\">\n\t\t\t\t\t<div class=\"e-con-inner\">\n\t\t<div class=\"elementor-element elementor-element-83ca20e e-con-full e-flex wpr-particle-no wpr-jarallax-no wpr-parallax-no wpr-sticky-section-no wpr-column-slider-no wpr-equal-height-no e-con e-child\" data-id=\"83ca20e\" data-element_type=\"container\" data-e-type=\"container\" data-settings=\"{&quot;background_background&quot;:&quot;classic&quot;}\">\n\t\t\t\t<\/div>\n\t\t<div class=\"elementor-element elementor-element-6f946ef e-con-full e-flex wpr-particle-no wpr-jarallax-no wpr-parallax-no wpr-sticky-section-no wpr-column-slider-no wpr-equal-height-no e-con e-child\" data-id=\"6f946ef\" data-element_type=\"container\" data-e-type=\"container\">\n\t\t\t\t<div class=\"elementor-element elementor-element-e3f6a9c elementor-widget elementor-widget-text-editor\" data-id=\"e3f6a9c\" data-element_type=\"widget\" data-e-type=\"widget\" data-widget_type=\"text-editor.default\">\n\t\t\t\t\t\t\t\t\t<p class=\"p1\">Lors d\u2019un match \u00e0 domicile, il y a certaines t\u00e2ches \u00e0 assurer pour le bon d\u00e9roulement de la rencontre. Voici les principales t\u00e2ches:<\/p><p class=\"p1\">Pour que tous les matchs se passent bien, nous avons besoins de b\u00e9n\u00e9voles pour assurer ces diff\u00e9rentes t\u00e2ches.<\/p>\t\t\t\t\t\t\t\t<\/div>\n\t\t\t\t<div class=\"elementor-element elementor-element-ebb5a33 elementor-align-start elementor-icon-list--layout-traditional elementor-list-item-link-full_width elementor-widget elementor-widget-icon-list\" data-id=\"ebb5a33\" data-element_type=\"widget\" data-e-type=\"widget\" data-widget_type=\"icon-list.default\">\n\t\t\t\t\t\t\t<ul class=\"elementor-icon-list-items\">\n\t\t\t\t\t\t\t<li class=\"elementor-icon-list-item\">\n\t\t\t\t\t\t\t\t\t\t\t<span class=\"elementor-icon-list-icon\">\n\t\t\t\t\t\t\t<svg aria-hidden=\"true\" class=\"e-font-icon-svg e-fas-check\" viewBox=\"0 0 512 512\" xmlns=\"http:\/\/www.w3.org\/2000\/svg\"><path d=\"M173.898 439.404l-166.4-166.4c-9.997-9.997-9.997-26.206 0-36.204l36.203-36.204c9.997-9.998 26.207-9.998 36.204 0L192 312.69 432.095 72.596c9.997-9.997 26.207-9.997 36.204 0l36.203 36.204c9.997 9.997 9.997 26.206 0 36.204l-294.4 294.401c-9.998 9.997-26.207 9.997-36.204-.001z\"><\/path><\/svg>\t\t\t\t\t\t<\/span>\n\t\t\t\t\t\t\t\t\t\t<span class=\"elementor-icon-list-text\">Chronom\u00e9treur <\/span>\n\t\t\t\t\t\t\t\t\t<\/li>\n\t\t\t\t\t\t\t\t<li class=\"elementor-icon-list-item\">\n\t\t\t\t\t\t\t\t\t\t\t<span class=\"elementor-icon-list-icon\">\n\t\t\t\t\t\t\t<svg aria-hidden=\"true\" class=\"e-font-icon-svg e-fas-check\" viewBox=\"0 0 512 512\" xmlns=\"http:\/\/www.w3.org\/2000\/svg\"><path d=\"M173.898 439.404l-166.4-166.4c-9.997-9.997-9.997-26.206 0-36.204l36.203-36.204c9.997-9.998 26.207-9.998 36.204 0L192 312.69 432.095 72.596c9.997-9.997 26.207-9.997 36.204 0l36.203 36.204c9.997 9.997 9.997 26.206 0 36.204l-294.4 294.401c-9.998 9.997-26.207 9.997-36.204-.001z\"><\/path><\/svg>\t\t\t\t\t\t<\/span>\n\t\t\t\t\t\t\t\t\t\t<span class=\"elementor-icon-list-text\">Reporter, tenir la feuille de match (noter les actions, buts, p\u00e9nalit\u00e9s, etc.)<\/span>\n\t\t\t\t\t\t\t\t\t<\/li>\n\t\t\t\t\t\t\t\t<li class=\"elementor-icon-list-item\">\n\t\t\t\t\t\t\t\t\t\t\t<span class=\"elementor-icon-list-icon\">\n\t\t\t\t\t\t\t<svg aria-hidden=\"true\" class=\"e-font-icon-svg e-fas-check\" viewBox=\"0 0 512 512\" xmlns=\"http:\/\/www.w3.org\/2000\/svg\"><path d=\"M173.898 439.404l-166.4-166.4c-9.997-9.997-9.997-26.206 0-36.204l36.203-36.204c9.997-9.998 26.207-9.998 36.204 0L192 312.69 432.095 72.596c9.997-9.997 26.207-9.997 36.204 0l36.203 36.204c9.997 9.997 9.997 26.206 0 36.204l-294.4 294.401c-9.998 9.997-26.207 9.997-36.204-.001z\"><\/path><\/svg>\t\t\t\t\t\t<\/span>\n\t\t\t\t\t\t\t\t\t\t<span class=\"elementor-icon-list-text\">Speaker (annonces des buts, p\u00e9nalit\u00e9s, sponsors, etc.)<\/span>\n\t\t\t\t\t\t\t\t\t<\/li>\n\t\t\t\t\t\t\t\t<li class=\"elementor-icon-list-item\">\n\t\t\t\t\t\t\t\t\t\t\t<span class=\"elementor-icon-list-icon\">\n\t\t\t\t\t\t\t<svg aria-hidden=\"true\" class=\"e-font-icon-svg e-fas-check\" viewBox=\"0 0 512 512\" xmlns=\"http:\/\/www.w3.org\/2000\/svg\"><path d=\"M173.898 439.404l-166.4-166.4c-9.997-9.997-9.997-26.206 0-36.204l36.203-36.204c9.997-9.998 26.207-9.998 36.204 0L192 312.69 432.095 72.596c9.997-9.997 26.207-9.997 36.204 0l36.203 36.204c9.997 9.997 9.997 26.206 0 36.204l-294.4 294.401c-9.998 9.997-26.207 9.997-36.204-.001z\"><\/path><\/svg>\t\t\t\t\t\t<\/span>\n\t\t\t\t\t\t\t\t\t\t<span class=\"elementor-icon-list-text\">Portier pour le banc des p\u00e9nalit\u00e9s (ouvrir et fermer la porte des p\u00e9nalit\u00e9s quand une joueuse en re\u00e7oit une)<\/span>\n\t\t\t\t\t\t\t\t\t<\/li>\n\t\t\t\t\t\t\t\t<li class=\"elementor-icon-list-item\">\n\t\t\t\t\t\t\t\t\t\t\t<span class=\"elementor-icon-list-icon\">\n\t\t\t\t\t\t\t<svg aria-hidden=\"true\" class=\"e-font-icon-svg e-fas-check\" viewBox=\"0 0 512 512\" xmlns=\"http:\/\/www.w3.org\/2000\/svg\"><path d=\"M173.898 439.404l-166.4-166.4c-9.997-9.997-9.997-26.206 0-36.204l36.203-36.204c9.997-9.998 26.207-9.998 36.204 0L192 312.69 432.095 72.596c9.997-9.997 26.207-9.997 36.204 0l36.203 36.204c9.997 9.997 9.997 26.206 0 36.204l-294.4 294.401c-9.998 9.997-26.207 9.997-36.204-.001z\"><\/path><\/svg>\t\t\t\t\t\t<\/span>\n\t\t\t\t\t\t\t\t\t\t<span class=\"elementor-icon-list-text\">Vendeur-serveur \u00e0 notre buvette<\/span>\n\t\t\t\t\t\t\t\t\t<\/li>\n\t\t\t\t\t\t<\/ul>\n\t\t\t\t\t\t<\/div>\n\t\t\t\t<div class=\"elementor-element elementor-element-4f29250 elementor-widget elementor-widget-text-editor\" data-id=\"4f29250\" data-element_type=\"widget\" data-e-type=\"widget\" data-widget_type=\"text-editor.default\">\n\t\t\t\t\t\t\t\t\t<p class=\"p1\">Si tous souhaites rejoindre notre \u00e9quipe de b\u00e9n\u00e9voles, tu peux t\u2019inscrire sur les plannings ou nous contacter.<\/p><p class=\"p1\">Pour la buvette, un planning des filles devant apporter des p\u00e2tisseries ou g\u00e2teaux a \u00e9galement \u00e9t\u00e9 \u00e9tabli pour les trois \u00e9quipes.<\/p>\t\t\t\t\t\t\t\t<\/div>\n\t\t<div class=\"elementor-element elementor-element-64804bf e-con-full e-flex wpr-particle-no wpr-jarallax-no wpr-parallax-no wpr-sticky-section-no wpr-column-slider-no wpr-equal-height-no e-con e-child\" data-id=\"64804bf\" data-element_type=\"container\" data-e-type=\"container\">\n\t\t\t\t<div class=\"elementor-element elementor-element-81fa065 elementor-align-center elementor-widget elementor-widget-elementskit-button\" data-id=\"81fa065\" data-element_type=\"widget\" data-e-type=\"widget\" data-widget_type=\"elementskit-button.default\">\n\t\t\t\t\t<div class=\"ekit-wid-con\" >\t\t<div class=\"ekit-btn-wraper\">\n\t\t\t\t\t\t\t<a href=\"https:\/\/docs.google.com\/spreadsheets\/d\/1jJ3zrcNNA_ruKS5TSL7DOgFd1ZoETR6zEAw5PDOe0bc\/edit?usp=sharing\" target=\"_blank\" class=\"elementskit-btn  whitespace--normal\" id=\"\">\n\t\t\t\t\tPlanning des b\u00e9n\u00e9voles\t\t\t\t<\/a>\n\t\t\t\t\t<\/div>\n        <\/div>\t\t\t\t<\/div>\n\t\t\t\t<div class=\"elementor-element elementor-element-4578b7d elementor-align-center elementor-widget elementor-widget-elementskit-button\" data-id=\"4578b7d\" data-element_type=\"widget\" data-e-type=\"widget\" data-widget_type=\"elementskit-button.default\">\n\t\t\t\t\t<div class=\"ekit-wid-con\" >\t\t<div class=\"ekit-btn-wraper\">\n\t\t\t\t\t\t\t<a href=\"https:\/\/docs.google.com\/spreadsheets\/d\/1w8Zo33M0RT9pxjv5xncIUkcvSyGhsK2z\/edit?gid=1899320288#gid=1899320288\" target=\"_blank\" class=\"elementskit-btn  whitespace--normal\" id=\"\">\n\t\t\t\t\tPlanning des p\u00e2tisseries\t\t\t\t<\/a>\n\t\t\t\t\t<\/div>\n        <\/div>\t\t\t\t<\/div>\n\t\t\t\t<\/div>\n\t\t\t\t<\/div>\n\t\t\t\t\t<\/div>\n\t\t\t\t<\/div>\n\t\t<div class=\"elementor-element elementor-element-050cf7f e-flex e-con-boxed wpr-particle-no wpr-jarallax-no wpr-parallax-no wpr-sticky-section-no wpr-column-slider-no wpr-equal-height-no e-con e-parent\" data-id=\"050cf7f\" data-element_type=\"container\" data-e-type=\"container\">\n\t\t\t\t\t<div class=\"e-con-inner\">\n\t\t\t\t<div class=\"elementor-element elementor-element-99d1ae1 elementor-widget elementor-widget-spacer\" data-id=\"99d1ae1\" data-element_type=\"widget\" data-e-type=\"widget\" data-widget_type=\"spacer.default\">\n\t\t\t\t\t\t\t<div class=\"elementor-spacer\">\n\t\t\t<div class=\"elementor-spacer-inner\"><\/div>\n\t\t<\/div>\n\t\t\t\t\t\t<\/div>\n\t\t\t\t\t<\/div>\n\t\t\t\t<\/div>\n\t\t\t\t<\/div>\n\t\t","protected":false},"excerpt":{"rendered":"<p>Rejoignez la famille de la Neuch\u00e2tel Hockey Academy ! Devenez b\u00e9n\u00e9vole et participez \u00e0 la r\u00e9ussite du hockey f\u00e9minin \u00e0 Neuch\u00e2tel. Une exp\u00e9rience humaine unique autour du sport, du partage et de la passion.<\/p>\n","protected":false},"author":3,"featured_media":319,"parent":169,"menu_order":0,"comment_status":"closed","ping_status":"closed","template":"","meta":{"footnotes":""},"class_list":["post-173","page","type-page","status-publish","has-post-thumbnail","hentry"],"yoast_head":"<!-- This site is optimized with the Yoast SEO plugin v27.5 - https:\/\/yoast.com\/product\/yoast-seo-wordpress\/ -->\n<title>B\u00e9n\u00e9volats - NHA | Neuch\u00e2tel Hockey Academy<\/title>\n<meta name=\"description\" content=\"Rejoignez la famille de la Neuch\u00e2tel Hockey Academy ! Devenez b\u00e9n\u00e9vole et participez \u00e0 la r\u00e9ussite du hockey f\u00e9minin \u00e0 Neuch\u00e2tel. Une exp\u00e9rience humaine unique autour du sport, du partage et de la passion.\" \/>\n<meta name=\"robots\" content=\"index, follow, max-snippet:-1, max-image-preview:large, max-video-preview:-1\" \/>\n<link rel=\"canonical\" href=\"https:\/\/www.nha.hockey\/index.php\/informations\/benevolats\/\" \/>\n<meta property=\"og:locale\" content=\"fr_FR\" \/>\n<meta property=\"og:type\" content=\"article\" \/>\n<meta property=\"og:title\" content=\"B\u00e9n\u00e9volats - NHA | Neuch\u00e2tel Hockey Academy\" \/>\n<meta property=\"og:description\" content=\"Rejoignez la famille de la Neuch\u00e2tel Hockey Academy ! Devenez b\u00e9n\u00e9vole et participez \u00e0 la r\u00e9ussite du hockey f\u00e9minin \u00e0 Neuch\u00e2tel. Une exp\u00e9rience humaine unique autour du sport, du partage et de la passion.\" \/>\n<meta property=\"og:url\" content=\"https:\/\/www.nha.hockey\/index.php\/informations\/benevolats\/\" \/>\n<meta property=\"og:site_name\" content=\"NHA | Neuch\u00e2tel Hockey Academy\" \/>\n<meta property=\"article:publisher\" content=\"https:\/\/www.facebook.com\/neuchatelhockeyacademy?locale=fr_FR\" \/>\n<meta property=\"article:modified_time\" content=\"2026-01-27T15:20:37+00:00\" \/>\n<meta property=\"og:image\" content=\"https:\/\/www.nha.hockey\/wp-content\/uploads\/2025\/09\/54127543551_63b370f819_o.jpg\" \/>\n\t<meta property=\"og:image:width\" content=\"1365\" \/>\n\t<meta property=\"og:image:height\" content=\"2048\" \/>\n\t<meta property=\"og:image:type\" content=\"image\/jpeg\" \/>\n<meta name=\"twitter:card\" content=\"summary_large_image\" \/>\n<meta name=\"twitter:label1\" content=\"Dur\u00e9e de lecture estim\u00e9e\" \/>\n\t<meta name=\"twitter:data1\" content=\"1 minute\" \/>\n<script type=\"application\/ld+json\" class=\"yoast-schema-graph\">{\"@context\":\"https:\\\/\\\/schema.org\",\"@graph\":[{\"@type\":\"WebPage\",\"@id\":\"https:\\\/\\\/www.nha.hockey\\\/index.php\\\/informations\\\/benevolats\\\/\",\"url\":\"https:\\\/\\\/www.nha.hockey\\\/index.php\\\/informations\\\/benevolats\\\/\",\"name\":\"B\u00e9n\u00e9volats - NHA | Neuch\u00e2tel Hockey Academy\",\"isPartOf\":{\"@id\":\"https:\\\/\\\/www.nha.hockey\\\/#website\"},\"primaryImageOfPage\":{\"@id\":\"https:\\\/\\\/www.nha.hockey\\\/index.php\\\/informations\\\/benevolats\\\/#primaryimage\"},\"image\":{\"@id\":\"https:\\\/\\\/www.nha.hockey\\\/index.php\\\/informations\\\/benevolats\\\/#primaryimage\"},\"thumbnailUrl\":\"https:\\\/\\\/www.nha.hockey\\\/wp-content\\\/uploads\\\/2025\\\/09\\\/54127543551_63b370f819_o.jpg\",\"datePublished\":\"2025-08-29T15:17:38+00:00\",\"dateModified\":\"2026-01-27T15:20:37+00:00\",\"description\":\"Rejoignez la famille de la Neuch\u00e2tel Hockey Academy ! Devenez b\u00e9n\u00e9vole et participez \u00e0 la r\u00e9ussite du hockey f\u00e9minin \u00e0 Neuch\u00e2tel. Une exp\u00e9rience humaine unique autour du sport, du partage et de la passion.\",\"breadcrumb\":{\"@id\":\"https:\\\/\\\/www.nha.hockey\\\/index.php\\\/informations\\\/benevolats\\\/#breadcrumb\"},\"inLanguage\":\"fr-FR\",\"potentialAction\":[{\"@type\":\"ReadAction\",\"target\":[\"https:\\\/\\\/www.nha.hockey\\\/index.php\\\/informations\\\/benevolats\\\/\"]}]},{\"@type\":\"ImageObject\",\"inLanguage\":\"fr-FR\",\"@id\":\"https:\\\/\\\/www.nha.hockey\\\/index.php\\\/informations\\\/benevolats\\\/#primaryimage\",\"url\":\"https:\\\/\\\/www.nha.hockey\\\/wp-content\\\/uploads\\\/2025\\\/09\\\/54127543551_63b370f819_o.jpg\",\"contentUrl\":\"https:\\\/\\\/www.nha.hockey\\\/wp-content\\\/uploads\\\/2025\\\/09\\\/54127543551_63b370f819_o.jpg\",\"width\":1365,\"height\":2048,\"caption\":\"B\u00e9n\u00e9voles NHA_HockeyF\u00e9minin\"},{\"@type\":\"BreadcrumbList\",\"@id\":\"https:\\\/\\\/www.nha.hockey\\\/index.php\\\/informations\\\/benevolats\\\/#breadcrumb\",\"itemListElement\":[{\"@type\":\"ListItem\",\"position\":1,\"name\":\"Accueil\",\"item\":\"https:\\\/\\\/www.nha.hockey\\\/\"},{\"@type\":\"ListItem\",\"position\":2,\"name\":\"Infos\",\"item\":\"https:\\\/\\\/www.nha.hockey\\\/index.php\\\/informations\\\/\"},{\"@type\":\"ListItem\",\"position\":3,\"name\":\"B\u00e9n\u00e9volats\"}]},{\"@type\":\"WebSite\",\"@id\":\"https:\\\/\\\/www.nha.hockey\\\/#website\",\"url\":\"https:\\\/\\\/www.nha.hockey\\\/\",\"name\":\"NHA | Neuch\u00e2tel Hockey Academy\",\"description\":\"Le hockey sur glace? Un sport de filles!\",\"publisher\":{\"@id\":\"https:\\\/\\\/www.nha.hockey\\\/#organization\"},\"potentialAction\":[{\"@type\":\"SearchAction\",\"target\":{\"@type\":\"EntryPoint\",\"urlTemplate\":\"https:\\\/\\\/www.nha.hockey\\\/?s={search_term_string}\"},\"query-input\":{\"@type\":\"PropertyValueSpecification\",\"valueRequired\":true,\"valueName\":\"search_term_string\"}}],\"inLanguage\":\"fr-FR\"},{\"@type\":\"Organization\",\"@id\":\"https:\\\/\\\/www.nha.hockey\\\/#organization\",\"name\":\"NHA | Neuch\u00e2tel Hockey Academy\",\"url\":\"https:\\\/\\\/www.nha.hockey\\\/\",\"logo\":{\"@type\":\"ImageObject\",\"inLanguage\":\"fr-FR\",\"@id\":\"https:\\\/\\\/www.nha.hockey\\\/#\\\/schema\\\/logo\\\/image\\\/\",\"url\":\"https:\\\/\\\/www.nha.hockey\\\/wp-content\\\/uploads\\\/2025\\\/08\\\/logo_club_bleu.png\",\"contentUrl\":\"https:\\\/\\\/www.nha.hockey\\\/wp-content\\\/uploads\\\/2025\\\/08\\\/logo_club_bleu.png\",\"width\":1081,\"height\":620,\"caption\":\"NHA | Neuch\u00e2tel Hockey Academy\"},\"image\":{\"@id\":\"https:\\\/\\\/www.nha.hockey\\\/#\\\/schema\\\/logo\\\/image\\\/\"},\"sameAs\":[\"https:\\\/\\\/www.facebook.com\\\/neuchatelhockeyacademy?locale=fr_FR\",\"https:\\\/\\\/www.instagram.com\\\/neuchatelhockeyacademy\\\/\"]}]}<\/script>\n<!-- \/ Yoast SEO plugin. -->","yoast_head_json":{"title":"B\u00e9n\u00e9volats - NHA | Neuch\u00e2tel Hockey Academy","description":"Rejoignez la famille de la Neuch\u00e2tel Hockey Academy ! Devenez b\u00e9n\u00e9vole et participez \u00e0 la r\u00e9ussite du hockey f\u00e9minin \u00e0 Neuch\u00e2tel. Une exp\u00e9rience humaine unique autour du sport, du partage et de la passion.","robots":{"index":"index","follow":"follow","max-snippet":"max-snippet:-1","max-image-preview":"max-image-preview:large","max-video-preview":"max-video-preview:-1"},"canonical":"https:\/\/www.nha.hockey\/index.php\/informations\/benevolats\/","og_locale":"fr_FR","og_type":"article","og_title":"B\u00e9n\u00e9volats - NHA | Neuch\u00e2tel Hockey Academy","og_description":"Rejoignez la famille de la Neuch\u00e2tel Hockey Academy ! Devenez b\u00e9n\u00e9vole et participez \u00e0 la r\u00e9ussite du hockey f\u00e9minin \u00e0 Neuch\u00e2tel. Une exp\u00e9rience humaine unique autour du sport, du partage et de la passion.","og_url":"https:\/\/www.nha.hockey\/index.php\/informations\/benevolats\/","og_site_name":"NHA | Neuch\u00e2tel Hockey Academy","article_publisher":"https:\/\/www.facebook.com\/neuchatelhockeyacademy?locale=fr_FR","article_modified_time":"2026-01-27T15:20:37+00:00","og_image":[{"width":1365,"height":2048,"url":"https:\/\/www.nha.hockey\/wp-content\/uploads\/2025\/09\/54127543551_63b370f819_o.jpg","type":"image\/jpeg"}],"twitter_card":"summary_large_image","twitter_misc":{"Dur\u00e9e de lecture estim\u00e9e":"1 minute"},"schema":{"@context":"https:\/\/schema.org","@graph":[{"@type":"WebPage","@id":"https:\/\/www.nha.hockey\/index.php\/informations\/benevolats\/","url":"https:\/\/www.nha.hockey\/index.php\/informations\/benevolats\/","name":"B\u00e9n\u00e9volats - NHA | Neuch\u00e2tel Hockey Academy","isPartOf":{"@id":"https:\/\/www.nha.hockey\/#website"},"primaryImageOfPage":{"@id":"https:\/\/www.nha.hockey\/index.php\/informations\/benevolats\/#primaryimage"},"image":{"@id":"https:\/\/www.nha.hockey\/index.php\/informations\/benevolats\/#primaryimage"},"thumbnailUrl":"https:\/\/www.nha.hockey\/wp-content\/uploads\/2025\/09\/54127543551_63b370f819_o.jpg","datePublished":"2025-08-29T15:17:38+00:00","dateModified":"2026-01-27T15:20:37+00:00","description":"Rejoignez la famille de la Neuch\u00e2tel Hockey Academy ! Devenez b\u00e9n\u00e9vole et participez \u00e0 la r\u00e9ussite du hockey f\u00e9minin \u00e0 Neuch\u00e2tel. Une exp\u00e9rience humaine unique autour du sport, du partage et de la passion.","breadcrumb":{"@id":"https:\/\/www.nha.hockey\/index.php\/informations\/benevolats\/#breadcrumb"},"inLanguage":"fr-FR","potentialAction":[{"@type":"ReadAction","target":["https:\/\/www.nha.hockey\/index.php\/informations\/benevolats\/"]}]},{"@type":"ImageObject","inLanguage":"fr-FR","@id":"https:\/\/www.nha.hockey\/index.php\/informations\/benevolats\/#primaryimage","url":"https:\/\/www.nha.hockey\/wp-content\/uploads\/2025\/09\/54127543551_63b370f819_o.jpg","contentUrl":"https:\/\/www.nha.hockey\/wp-content\/uploads\/2025\/09\/54127543551_63b370f819_o.jpg","width":1365,"height":2048,"caption":"B\u00e9n\u00e9voles NHA_HockeyF\u00e9minin"},{"@type":"BreadcrumbList","@id":"https:\/\/www.nha.hockey\/index.php\/informations\/benevolats\/#breadcrumb","itemListElement":[{"@type":"ListItem","position":1,"name":"Accueil","item":"https:\/\/www.nha.hockey\/"},{"@type":"ListItem","position":2,"name":"Infos","item":"https:\/\/www.nha.hockey\/index.php\/informations\/"},{"@type":"ListItem","position":3,"name":"B\u00e9n\u00e9volats"}]},{"@type":"WebSite","@id":"https:\/\/www.nha.hockey\/#website","url":"https:\/\/www.nha.hockey\/","name":"NHA | Neuch\u00e2tel Hockey Academy","description":"Le hockey sur glace? Un sport de filles!","publisher":{"@id":"https:\/\/www.nha.hockey\/#organization"},"potentialAction":[{"@type":"SearchAction","target":{"@type":"EntryPoint","urlTemplate":"https:\/\/www.nha.hockey\/?s={search_term_string}"},"query-input":{"@type":"PropertyValueSpecification","valueRequired":true,"valueName":"search_term_string"}}],"inLanguage":"fr-FR"},{"@type":"Organization","@id":"https:\/\/www.nha.hockey\/#organization","name":"NHA | Neuch\u00e2tel Hockey Academy","url":"https:\/\/www.nha.hockey\/","logo":{"@type":"ImageObject","inLanguage":"fr-FR","@id":"https:\/\/www.nha.hockey\/#\/schema\/logo\/image\/","url":"https:\/\/www.nha.hockey\/wp-content\/uploads\/2025\/08\/logo_club_bleu.png","contentUrl":"https:\/\/www.nha.hockey\/wp-content\/uploads\/2025\/08\/logo_club_bleu.png","width":1081,"height":620,"caption":"NHA | Neuch\u00e2tel Hockey Academy"},"image":{"@id":"https:\/\/www.nha.hockey\/#\/schema\/logo\/image\/"},"sameAs":["https:\/\/www.facebook.com\/neuchatelhockeyacademy?locale=fr_FR","https:\/\/www.instagram.com\/neuchatelhockeyacademy\/"]}]}},"_links":{"self":[{"href":"https:\/\/www.nha.hockey\/index.php\/wp-json\/wp\/v2\/pages\/173","targetHints":{"allow":["GET"]}}],"collection":[{"href":"https:\/\/www.nha.hockey\/index.php\/wp-json\/wp\/v2\/pages"}],"about":[{"href":"https:\/\/www.nha.hockey\/index.php\/wp-json\/wp\/v2\/types\/page"}],"author":[{"embeddable":true,"href":"https:\/\/www.nha.hockey\/index.php\/wp-json\/wp\/v2\/users\/3"}],"replies":[{"embeddable":true,"href":"https:\/\/www.nha.hockey\/index.php\/wp-json\/wp\/v2\/comments?post=173"}],"version-history":[{"count":34,"href":"https:\/\/www.nha.hockey\/index.php\/wp-json\/wp\/v2\/pages\/173\/revisions"}],"predecessor-version":[{"id":2224,"href":"https:\/\/www.nha.hockey\/index.php\/wp-json\/wp\/v2\/pages\/173\/revisions\/2224"}],"up":[{"embeddable":true,"href":"https:\/\/www.nha.hockey\/index.php\/wp-json\/wp\/v2\/pages\/169"}],"wp:featuredmedia":[{"embeddable":true,"href":"https:\/\/www.nha.hockey\/index.php\/wp-json\/wp\/v2\/media\/319"}],"wp:attachment":[{"href":"https:\/\/www.nha.hockey\/index.php\/wp-json\/wp\/v2\/media?parent=173"}],"curies":[{"name":"wp","href":"https:\/\/api.w.org\/{rel}","templated":true}]}}