{"id":171,"date":"2025-08-29T15:15:11","date_gmt":"2025-08-29T15:15:11","guid":{"rendered":"https:\/\/www.nha.hockey\/?page_id=171"},"modified":"2025-10-15T13:18:50","modified_gmt":"2025-10-15T11:18:50","slug":"calendrier","status":"publish","type":"page","link":"https:\/\/www.nha.hockey\/index.php\/informations\/calendrier\/","title":{"rendered":"Calendrier"},"content":{"rendered":"\t\t<div data-elementor-type=\"wp-page\" data-elementor-id=\"171\" class=\"elementor elementor-171\">\n\t\t\t\t<div class=\"elementor-element elementor-element-ab3829b e-flex e-con-boxed wpr-particle-no wpr-jarallax-no wpr-parallax-no wpr-sticky-section-no wpr-equal-height-no e-con e-parent\" data-id=\"ab3829b\" data-element_type=\"container\" data-e-type=\"container\">\n\t\t\t\t\t<div class=\"e-con-inner\">\n\t\t\t\t<div class=\"elementor-element elementor-element-4aeae03 elementor-widget elementor-widget-text-editor\" data-id=\"4aeae03\" data-element_type=\"widget\" data-e-type=\"widget\" data-widget_type=\"text-editor.default\">\n\t\t\t\t\t\t\t\t\t<h2 style=\"text-align: center;\">Calendrier<\/h2><h1 style=\"text-align: center;\">Suis nos \u00e9v\u00e9nements !<\/h1>\t\t\t\t\t\t\t\t<\/div>\n\t\t\t\t\t<\/div>\n\t\t\t\t<\/div>\n\t\t<div class=\"elementor-element elementor-element-41d7dc4 e-flex e-con-boxed wpr-particle-no wpr-jarallax-no wpr-parallax-no wpr-sticky-section-no wpr-equal-height-no e-con e-parent\" data-id=\"41d7dc4\" data-element_type=\"container\" data-e-type=\"container\">\n\t\t\t\t\t<div class=\"e-con-inner\">\n\t\t\t\t<div class=\"elementor-element elementor-element-7f177ee elementor-widget elementor-widget-html\" data-id=\"7f177ee\" data-element_type=\"widget\" data-e-type=\"widget\" data-widget_type=\"html.default\">\n\t\t\t\t\t<iframe \n  src=\"https:\/\/calendar.google.com\/calendar\/embed?src=p8sdc4cuq855fj3k51d6rsmam4%40group.calendar.google.com&src=j7dod63kf3dvt5kijsp5v43n5s%40group.calendar.google.com&src=jpb8tjspk7h9r13h6rmq2seau0%40group.calendar.google.com&src=e7t464cjk8fu04o0vcfm77ouus%40group.calendar.google.com&ctz=Europe%2FZurich\" \n  style=\"border:0\" \n  width=\"1000\" \n  height=\"700\" \n  frameborder=\"0\" \n  scrolling=\"no\">\n<\/iframe>\n\t\t\t\t<\/div>\n\t\t\t\t\t<\/div>\n\t\t\t\t<\/div>\n\t\t\t\t<\/div>\n\t\t","protected":false},"excerpt":{"rendered":"<p>Calendrier Suis nos \u00e9v\u00e9nements !<\/p>\n","protected":false},"author":3,"featured_media":0,"parent":169,"menu_order":0,"comment_status":"closed","ping_status":"closed","template":"","meta":{"footnotes":""},"class_list":["post-171","page","type-page","status-publish","hentry"],"yoast_head":"<!-- This site is optimized with the Yoast SEO plugin v27.5 - https:\/\/yoast.com\/product\/yoast-seo-wordpress\/ -->\n<title>Calendrier - NHA | Neuch\u00e2tel Hockey Academy<\/title>\n<meta name=\"description\" content=\"Consultez le calendrier complet de la Neuch\u00e2tel Hockey Academy : dates, horaires et r\u00e9sultats des matchs de nos trois \u00e9quipes engag\u00e9es en PostFinance Women\u2019s League, ligue C et ligue D.\" \/>\n<meta name=\"robots\" content=\"index, follow, max-snippet:-1, max-image-preview:large, max-video-preview:-1\" \/>\n<link rel=\"canonical\" href=\"https:\/\/www.nha.hockey\/index.php\/informations\/calendrier\/\" \/>\n<meta property=\"og:locale\" content=\"fr_FR\" \/>\n<meta property=\"og:type\" content=\"article\" \/>\n<meta property=\"og:title\" content=\"Calendrier - NHA | Neuch\u00e2tel Hockey Academy\" \/>\n<meta property=\"og:description\" content=\"Consultez le calendrier complet de la Neuch\u00e2tel Hockey Academy : dates, horaires et r\u00e9sultats des matchs de nos trois \u00e9quipes engag\u00e9es en PostFinance Women\u2019s League, ligue C et ligue D.\" \/>\n<meta property=\"og:url\" content=\"https:\/\/www.nha.hockey\/index.php\/informations\/calendrier\/\" \/>\n<meta property=\"og:site_name\" content=\"NHA | Neuch\u00e2tel Hockey Academy\" \/>\n<meta property=\"article:publisher\" content=\"https:\/\/www.facebook.com\/neuchatelhockeyacademy?locale=fr_FR\" \/>\n<meta property=\"article:modified_time\" content=\"2025-10-15T11:18:50+00:00\" \/>\n<meta name=\"twitter:card\" content=\"summary_large_image\" \/>\n<meta name=\"twitter:label1\" content=\"Dur\u00e9e de lecture estim\u00e9e\" \/>\n\t<meta name=\"twitter:data1\" content=\"1 minute\" \/>\n<script type=\"application\/ld+json\" class=\"yoast-schema-graph\">{\"@context\":\"https:\\\/\\\/schema.org\",\"@graph\":[{\"@type\":\"WebPage\",\"@id\":\"https:\\\/\\\/www.nha.hockey\\\/index.php\\\/informations\\\/calendrier\\\/\",\"url\":\"https:\\\/\\\/www.nha.hockey\\\/index.php\\\/informations\\\/calendrier\\\/\",\"name\":\"Calendrier - NHA | Neuch\u00e2tel Hockey Academy\",\"isPartOf\":{\"@id\":\"https:\\\/\\\/www.nha.hockey\\\/#website\"},\"datePublished\":\"2025-08-29T15:15:11+00:00\",\"dateModified\":\"2025-10-15T11:18:50+00:00\",\"description\":\"Consultez le calendrier complet de la Neuch\u00e2tel Hockey Academy : dates, horaires et r\u00e9sultats des matchs de nos trois \u00e9quipes engag\u00e9es en PostFinance Women\u2019s League, ligue C et ligue D.\",\"breadcrumb\":{\"@id\":\"https:\\\/\\\/www.nha.hockey\\\/index.php\\\/informations\\\/calendrier\\\/#breadcrumb\"},\"inLanguage\":\"fr-FR\",\"potentialAction\":[{\"@type\":\"ReadAction\",\"target\":[\"https:\\\/\\\/www.nha.hockey\\\/index.php\\\/informations\\\/calendrier\\\/\"]}]},{\"@type\":\"BreadcrumbList\",\"@id\":\"https:\\\/\\\/www.nha.hockey\\\/index.php\\\/informations\\\/calendrier\\\/#breadcrumb\",\"itemListElement\":[{\"@type\":\"ListItem\",\"position\":1,\"name\":\"Accueil\",\"item\":\"https:\\\/\\\/www.nha.hockey\\\/\"},{\"@type\":\"ListItem\",\"position\":2,\"name\":\"Infos\",\"item\":\"https:\\\/\\\/www.nha.hockey\\\/index.php\\\/informations\\\/\"},{\"@type\":\"ListItem\",\"position\":3,\"name\":\"Calendrier\"}]},{\"@type\":\"WebSite\",\"@id\":\"https:\\\/\\\/www.nha.hockey\\\/#website\",\"url\":\"https:\\\/\\\/www.nha.hockey\\\/\",\"name\":\"NHA | Neuch\u00e2tel Hockey Academy\",\"description\":\"Le hockey sur glace? Un sport de filles!\",\"publisher\":{\"@id\":\"https:\\\/\\\/www.nha.hockey\\\/#organization\"},\"potentialAction\":[{\"@type\":\"SearchAction\",\"target\":{\"@type\":\"EntryPoint\",\"urlTemplate\":\"https:\\\/\\\/www.nha.hockey\\\/?s={search_term_string}\"},\"query-input\":{\"@type\":\"PropertyValueSpecification\",\"valueRequired\":true,\"valueName\":\"search_term_string\"}}],\"inLanguage\":\"fr-FR\"},{\"@type\":\"Organization\",\"@id\":\"https:\\\/\\\/www.nha.hockey\\\/#organization\",\"name\":\"NHA | Neuch\u00e2tel Hockey Academy\",\"url\":\"https:\\\/\\\/www.nha.hockey\\\/\",\"logo\":{\"@type\":\"ImageObject\",\"inLanguage\":\"fr-FR\",\"@id\":\"https:\\\/\\\/www.nha.hockey\\\/#\\\/schema\\\/logo\\\/image\\\/\",\"url\":\"https:\\\/\\\/www.nha.hockey\\\/wp-content\\\/uploads\\\/2025\\\/08\\\/logo_club_bleu.png\",\"contentUrl\":\"https:\\\/\\\/www.nha.hockey\\\/wp-content\\\/uploads\\\/2025\\\/08\\\/logo_club_bleu.png\",\"width\":1081,\"height\":620,\"caption\":\"NHA | Neuch\u00e2tel Hockey Academy\"},\"image\":{\"@id\":\"https:\\\/\\\/www.nha.hockey\\\/#\\\/schema\\\/logo\\\/image\\\/\"},\"sameAs\":[\"https:\\\/\\\/www.facebook.com\\\/neuchatelhockeyacademy?locale=fr_FR\",\"https:\\\/\\\/www.instagram.com\\\/neuchatelhockeyacademy\\\/\"]}]}<\/script>\n<!-- \/ Yoast SEO plugin. -->","yoast_head_json":{"title":"Calendrier - NHA | Neuch\u00e2tel Hockey Academy","description":"Consultez le calendrier complet de la Neuch\u00e2tel Hockey Academy : dates, horaires et r\u00e9sultats des matchs de nos trois \u00e9quipes engag\u00e9es en PostFinance Women\u2019s League, ligue C et ligue D.","robots":{"index":"index","follow":"follow","max-snippet":"max-snippet:-1","max-image-preview":"max-image-preview:large","max-video-preview":"max-video-preview:-1"},"canonical":"https:\/\/www.nha.hockey\/index.php\/informations\/calendrier\/","og_locale":"fr_FR","og_type":"article","og_title":"Calendrier - NHA | Neuch\u00e2tel Hockey Academy","og_description":"Consultez le calendrier complet de la Neuch\u00e2tel Hockey Academy : dates, horaires et r\u00e9sultats des matchs de nos trois \u00e9quipes engag\u00e9es en PostFinance Women\u2019s League, ligue C et ligue D.","og_url":"https:\/\/www.nha.hockey\/index.php\/informations\/calendrier\/","og_site_name":"NHA | Neuch\u00e2tel Hockey Academy","article_publisher":"https:\/\/www.facebook.com\/neuchatelhockeyacademy?locale=fr_FR","article_modified_time":"2025-10-15T11:18:50+00:00","twitter_card":"summary_large_image","twitter_misc":{"Dur\u00e9e de lecture estim\u00e9e":"1 minute"},"schema":{"@context":"https:\/\/schema.org","@graph":[{"@type":"WebPage","@id":"https:\/\/www.nha.hockey\/index.php\/informations\/calendrier\/","url":"https:\/\/www.nha.hockey\/index.php\/informations\/calendrier\/","name":"Calendrier - NHA | Neuch\u00e2tel Hockey Academy","isPartOf":{"@id":"https:\/\/www.nha.hockey\/#website"},"datePublished":"2025-08-29T15:15:11+00:00","dateModified":"2025-10-15T11:18:50+00:00","description":"Consultez le calendrier complet de la Neuch\u00e2tel Hockey Academy : dates, horaires et r\u00e9sultats des matchs de nos trois \u00e9quipes engag\u00e9es en PostFinance Women\u2019s League, ligue C et ligue D.","breadcrumb":{"@id":"https:\/\/www.nha.hockey\/index.php\/informations\/calendrier\/#breadcrumb"},"inLanguage":"fr-FR","potentialAction":[{"@type":"ReadAction","target":["https:\/\/www.nha.hockey\/index.php\/informations\/calendrier\/"]}]},{"@type":"BreadcrumbList","@id":"https:\/\/www.nha.hockey\/index.php\/informations\/calendrier\/#breadcrumb","itemListElement":[{"@type":"ListItem","position":1,"name":"Accueil","item":"https:\/\/www.nha.hockey\/"},{"@type":"ListItem","position":2,"name":"Infos","item":"https:\/\/www.nha.hockey\/index.php\/informations\/"},{"@type":"ListItem","position":3,"name":"Calendrier"}]},{"@type":"WebSite","@id":"https:\/\/www.nha.hockey\/#website","url":"https:\/\/www.nha.hockey\/","name":"NHA | Neuch\u00e2tel Hockey Academy","description":"Le hockey sur glace? Un sport de filles!","publisher":{"@id":"https:\/\/www.nha.hockey\/#organization"},"potentialAction":[{"@type":"SearchAction","target":{"@type":"EntryPoint","urlTemplate":"https:\/\/www.nha.hockey\/?s={search_term_string}"},"query-input":{"@type":"PropertyValueSpecification","valueRequired":true,"valueName":"search_term_string"}}],"inLanguage":"fr-FR"},{"@type":"Organization","@id":"https:\/\/www.nha.hockey\/#organization","name":"NHA | Neuch\u00e2tel Hockey Academy","url":"https:\/\/www.nha.hockey\/","logo":{"@type":"ImageObject","inLanguage":"fr-FR","@id":"https:\/\/www.nha.hockey\/#\/schema\/logo\/image\/","url":"https:\/\/www.nha.hockey\/wp-content\/uploads\/2025\/08\/logo_club_bleu.png","contentUrl":"https:\/\/www.nha.hockey\/wp-content\/uploads\/2025\/08\/logo_club_bleu.png","width":1081,"height":620,"caption":"NHA | Neuch\u00e2tel Hockey Academy"},"image":{"@id":"https:\/\/www.nha.hockey\/#\/schema\/logo\/image\/"},"sameAs":["https:\/\/www.facebook.com\/neuchatelhockeyacademy?locale=fr_FR","https:\/\/www.instagram.com\/neuchatelhockeyacademy\/"]}]}},"_links":{"self":[{"href":"https:\/\/www.nha.hockey\/index.php\/wp-json\/wp\/v2\/pages\/171","targetHints":{"allow":["GET"]}}],"collection":[{"href":"https:\/\/www.nha.hockey\/index.php\/wp-json\/wp\/v2\/pages"}],"about":[{"href":"https:\/\/www.nha.hockey\/index.php\/wp-json\/wp\/v2\/types\/page"}],"author":[{"embeddable":true,"href":"https:\/\/www.nha.hockey\/index.php\/wp-json\/wp\/v2\/users\/3"}],"replies":[{"embeddable":true,"href":"https:\/\/www.nha.hockey\/index.php\/wp-json\/wp\/v2\/comments?post=171"}],"version-history":[{"count":16,"href":"https:\/\/www.nha.hockey\/index.php\/wp-json\/wp\/v2\/pages\/171\/revisions"}],"predecessor-version":[{"id":1470,"href":"https:\/\/www.nha.hockey\/index.php\/wp-json\/wp\/v2\/pages\/171\/revisions\/1470"}],"up":[{"embeddable":true,"href":"https:\/\/www.nha.hockey\/index.php\/wp-json\/wp\/v2\/pages\/169"}],"wp:attachment":[{"href":"https:\/\/www.nha.hockey\/index.php\/wp-json\/wp\/v2\/media?parent=171"}],"curies":[{"name":"wp","href":"https:\/\/api.w.org\/{rel}","templated":true}]}}