{"id":1276,"date":"2025-09-30T13:12:13","date_gmt":"2025-09-30T11:12:13","guid":{"rendered":"https:\/\/www.nha.hockey\/?page_id=1276"},"modified":"2025-10-28T11:21:20","modified_gmt":"2025-10-28T09:21:20","slug":"faire-un-don","status":"publish","type":"page","link":"https:\/\/www.nha.hockey\/index.php\/faire-un-don\/","title":{"rendered":"Faire un don"},"content":{"rendered":"\t\t<div data-elementor-type=\"wp-page\" data-elementor-id=\"1276\" class=\"elementor elementor-1276\">\n\t\t\t\t<div class=\"elementor-element elementor-element-04b601c e-flex e-con-boxed wpr-particle-no wpr-jarallax-no wpr-parallax-no wpr-sticky-section-no wpr-equal-height-no e-con e-parent\" data-id=\"04b601c\" data-element_type=\"container\" data-e-type=\"container\">\n\t\t\t\t\t<div class=\"e-con-inner\">\n\t\t\t\t<div class=\"elementor-element elementor-element-79ce1eb elementor-arrows-position-inside elementor-pagination-position-outside elementor-widget elementor-widget-image-carousel\" data-id=\"79ce1eb\" data-element_type=\"widget\" data-e-type=\"widget\" data-settings=\"{&quot;navigation&quot;:&quot;both&quot;,&quot;autoplay&quot;:&quot;yes&quot;,&quot;pause_on_hover&quot;:&quot;yes&quot;,&quot;pause_on_interaction&quot;:&quot;yes&quot;,&quot;autoplay_speed&quot;:5000,&quot;infinite&quot;:&quot;yes&quot;,&quot;speed&quot;:500}\" data-widget_type=\"image-carousel.default\">\n\t\t\t\t\t\t\t<div class=\"elementor-image-carousel-wrapper swiper\" role=\"region\" aria-roledescription=\"carousel\" aria-label=\"Carrousel d\u2019images\" dir=\"ltr\">\n\t\t\t<div class=\"elementor-image-carousel swiper-wrapper\" aria-live=\"off\">\n\t\t\t\t\t\t\t\t<div class=\"swiper-slide\" role=\"group\" aria-roledescription=\"slide\" aria-label=\"1 sur 5\"><figure class=\"swiper-slide-inner\"><img decoding=\"async\" class=\"swiper-slide-image\" src=\"https:\/\/www.nha.hockey\/wp-content\/uploads\/2025\/10\/54837949841_b3162e2fb8_o-768x518.jpg\" alt=\"Match NHA vs Langenthal Ice Hockey\" \/><\/figure><\/div><div class=\"swiper-slide\" role=\"group\" aria-roledescription=\"slide\" aria-label=\"2 sur 5\"><figure class=\"swiper-slide-inner\"><img decoding=\"async\" class=\"swiper-slide-image\" src=\"https:\/\/www.nha.hockey\/wp-content\/uploads\/2025\/10\/Docks-2024-17-768x518.jpg\" alt=\"NHA_25\/26_Joueuses_Junior_Hockey_F\u00e9minin\" \/><\/figure><\/div><div class=\"swiper-slide\" role=\"group\" aria-roledescription=\"slide\" aria-label=\"3 sur 5\"><figure class=\"swiper-slide-inner\"><img decoding=\"async\" class=\"swiper-slide-image\" src=\"https:\/\/www.nha.hockey\/wp-content\/uploads\/2025\/09\/DSC_0159-768x512.jpg\" alt=\"Soir\u00e9e de Pr\u00e9-Saison_21.08_Joueuses et coachs_NHA PFWL\" \/><\/figure><\/div><div class=\"swiper-slide\" role=\"group\" aria-roledescription=\"slide\" aria-label=\"4 sur 5\"><figure class=\"swiper-slide-inner\"><img decoding=\"async\" class=\"swiper-slide-image\" src=\"https:\/\/www.nha.hockey\/wp-content\/uploads\/2025\/09\/54791045885_3ba4448bed_o-768x518.jpg\" alt=\"Match NHA vs ZUG_13.09.25_PostFinance Top Scorer_NHA_Hockey_F\u00e9minin\" \/><\/figure><\/div><div class=\"swiper-slide\" role=\"group\" aria-roledescription=\"slide\" aria-label=\"5 sur 5\"><figure class=\"swiper-slide-inner\"><img decoding=\"async\" class=\"swiper-slide-image\" src=\"https:\/\/www.nha.hockey\/wp-content\/uploads\/2025\/09\/54760451438_507e9a6c39_o-768x518.jpg\" alt=\"NHA_Hockey_F\u00e9minin_Junior_Tournoi des Hirondelles 2025_Equipes\" \/><\/figure><\/div>\t\t\t<\/div>\n\t\t\t\t\t\t\t\t\t\t\t\t<div class=\"elementor-swiper-button elementor-swiper-button-prev\" role=\"button\" tabindex=\"0\">\n\t\t\t\t\t\t<svg aria-hidden=\"true\" class=\"e-font-icon-svg e-eicon-chevron-left\" viewBox=\"0 0 1000 1000\" xmlns=\"http:\/\/www.w3.org\/2000\/svg\"><path d=\"M646 125C629 125 613 133 604 142L308 442C296 454 292 471 292 487 292 504 296 521 308 533L604 854C617 867 629 875 646 875 663 875 679 871 692 858 704 846 713 829 713 812 713 796 708 779 692 767L438 487 692 225C700 217 708 204 708 187 708 171 704 154 692 142 675 129 663 125 646 125Z\"><\/path><\/svg>\t\t\t\t\t<\/div>\n\t\t\t\t\t<div class=\"elementor-swiper-button elementor-swiper-button-next\" role=\"button\" tabindex=\"0\">\n\t\t\t\t\t\t<svg aria-hidden=\"true\" class=\"e-font-icon-svg e-eicon-chevron-right\" viewBox=\"0 0 1000 1000\" xmlns=\"http:\/\/www.w3.org\/2000\/svg\"><path d=\"M696 533C708 521 713 504 713 487 713 471 708 454 696 446L400 146C388 133 375 125 354 125 338 125 325 129 313 142 300 154 292 171 292 187 292 204 296 221 308 233L563 492 304 771C292 783 288 800 288 817 288 833 296 850 308 863 321 871 338 875 354 875 371 875 388 867 400 854L696 533Z\"><\/path><\/svg>\t\t\t\t\t<\/div>\n\t\t\t\t\n\t\t\t\t\t\t\t\t\t<div class=\"swiper-pagination\"><\/div>\n\t\t\t\t\t\t\t\t\t<\/div>\n\t\t\t\t\t\t<\/div>\n\t\t\t\t<div class=\"elementor-element elementor-element-1978849 elementor-widget elementor-widget-heading\" data-id=\"1978849\" data-element_type=\"widget\" data-e-type=\"widget\" data-widget_type=\"heading.default\">\n\t\t\t\t\t<h1 class=\"elementor-heading-title elementor-size-default\">Soutiens-nous !<\/h1>\t\t\t\t<\/div>\n\t\t\t\t<div class=\"elementor-element elementor-element-303f625 elementor-widget elementor-widget-text-editor\" data-id=\"303f625\" data-element_type=\"widget\" data-e-type=\"widget\" data-widget_type=\"text-editor.default\">\n\t\t\t\t\t\t\t\t\t<p>Chaque contribution, petite ou grande, nous aide \u00e0 poursuivre nos actions et \u00e0 d\u00e9velopper de nouvelles id\u00e9es.<br data-start=\"255\" data-end=\"258\" \/>Choisis le montant qui te convient, <strong data-start=\"294\" data-end=\"317\">chaque geste compte<\/strong> et fait une vraie diff\u00e9rence. Merci d\u2019avance pour ton soutien !<\/p>\t\t\t\t\t\t\t\t<\/div>\n\t\t<div class=\"elementor-element elementor-element-a1ca554 e-con-full e-flex wpr-particle-no wpr-jarallax-no wpr-parallax-no wpr-sticky-section-no wpr-equal-height-no e-con e-child\" data-id=\"a1ca554\" data-element_type=\"container\" data-e-type=\"container\">\n\t\t\t\t<div class=\"elementor-element elementor-element-efbce71 elementor-widget elementor-widget-html\" data-id=\"efbce71\" data-element_type=\"widget\" data-e-type=\"widget\" data-widget_type=\"html.default\">\n\t\t\t\t\t<script async\n  src=\"https:\/\/js.stripe.com\/v3\/buy-button.js\">\n<\/script>\n\n<stripe-buy-button\n  buy-button-id=\"buy_btn_1SD1VJEBQrDwLHVQLJORe8kO\"\n  publishable-key=\"pk_live_51PFvjgEBQrDwLHVQC7qxG3ZK0GZemxFyxaM3ilfkmiXGPtvbmJaZ773hzPHwYB6LBjHqftVmK74PNiqz3N5MRaJ700Ls6MDnjs\"\n>\n<\/stripe-buy-button>\t\t\t\t<\/div>\n\t\t\t\t<\/div>\n\t\t\t\t\t<\/div>\n\t\t\t\t<\/div>\n\t\t<div class=\"elementor-element elementor-element-67c1c43 e-flex e-con-boxed wpr-particle-no wpr-jarallax-no wpr-parallax-no wpr-sticky-section-no wpr-equal-height-no e-con e-parent\" data-id=\"67c1c43\" data-element_type=\"container\" data-e-type=\"container\">\n\t\t\t\t\t<div class=\"e-con-inner\">\n\t\t\t\t<div class=\"elementor-element elementor-element-2e07619 elementor-widget elementor-widget-text-editor\" data-id=\"2e07619\" data-element_type=\"widget\" data-e-type=\"widget\" data-widget_type=\"text-editor.default\">\n\t\t\t\t\t\t\t\t\t<p data-start=\"146\" data-end=\"621\">En faisant un don, tu soutiens directement la <strong data-start=\"192\" data-end=\"220\">Neuch\u00e2tel Hockey Academy<\/strong> et son d\u00e9veloppement.<\/p>\n<p data-start=\"146\" data-end=\"621\">Ton soutien contribue \u00e0 couvrir les d\u00e9penses essentielles du club : pr\u00e8s de <strong data-start=\"319\" data-end=\"385\">40\u202f% du budget est consacr\u00e9 aux entra\u00eeneurs et \u00e0 l\u2019encadrement<\/strong>, pour garantir un suivi de qualit\u00e9 \u00e0 nos joueuses ; environ <strong data-start=\"446\" data-end=\"496\">18\u202f% sont d\u00e9di\u00e9s aux infrastructures sportives<\/strong>, comme la glace et l\u2019entretien des patinoires ; et <strong data-start=\"548\" data-end=\"586\">12\u202f% servent \u00e0 l\u2019achat de mat\u00e9riel<\/strong>, patins, crosses et protections.<\/p>\n<p data-start=\"623\" data-end=\"871\">D\u2019autres postes importants incluent les <strong data-start=\"663\" data-end=\"695\">d\u00e9placements pour les matchs<\/strong> (10\u202f%), l\u2019<strong data-start=\"706\" data-end=\"719\">arbitrage<\/strong> et les <strong data-start=\"727\" data-end=\"752\">inscriptions\/licences<\/strong> (6\u202f% chacun), ainsi que l\u2019<strong data-start=\"779\" data-end=\"814\">administration et la logistique<\/strong> (4\u202f%) et les <strong data-start=\"828\" data-end=\"862\">d\u00e9penses diverses et impr\u00e9vues<\/strong> (4\u202f%).<\/p>\n<p data-start=\"873\" data-end=\"1078\">Chaque contribution, petite ou grande, permet au club de <strong data-start=\"930\" data-end=\"1050\">former les jeunes, d\u00e9velopper le hockey f\u00e9minin \u00e0 Neuch\u00e2tel et organiser des matchs et \u00e9v\u00e9nements pour la communaut\u00e9<\/strong>. Encore une fois, merci pour ton soutien\u202f!<\/p>\t\t\t\t\t\t\t\t<\/div>\n\t\t\t\t\t<\/div>\n\t\t\t\t<\/div>\n\t\t\t\t<\/div>\n\t\t","protected":false},"excerpt":{"rendered":"<p>Ton aide nous permet de continuer \u00e0 avancer et de concr\u00e9tiser nos projets.<\/p>\n","protected":false},"author":4,"featured_media":328,"parent":0,"menu_order":0,"comment_status":"closed","ping_status":"closed","template":"","meta":{"footnotes":""},"class_list":["post-1276","page","type-page","status-publish","has-post-thumbnail","hentry"],"yoast_head":"<!-- This site is optimized with the Yoast SEO plugin v27.5 - https:\/\/yoast.com\/product\/yoast-seo-wordpress\/ -->\n<title>Faire un don - NHA | Neuch\u00e2tel Hockey Academy<\/title>\n<meta name=\"description\" content=\"Soutenez la Neuch\u00e2tel Hockey Academy et le d\u00e9veloppement du hockey f\u00e9minin en Suisse. Faites un don pour aider nos \u00e9quipes, financer les entra\u00eenements et contribuer \u00e0 la formation des jeunes talents.\" \/>\n<meta name=\"robots\" content=\"index, follow, max-snippet:-1, max-image-preview:large, max-video-preview:-1\" \/>\n<link rel=\"canonical\" href=\"https:\/\/www.nha.hockey\/index.php\/faire-un-don\/\" \/>\n<meta property=\"og:locale\" content=\"fr_FR\" \/>\n<meta property=\"og:type\" content=\"article\" \/>\n<meta property=\"og:title\" content=\"Faire un don - NHA | Neuch\u00e2tel Hockey Academy\" \/>\n<meta property=\"og:description\" content=\"Soutenez la Neuch\u00e2tel Hockey Academy et le d\u00e9veloppement du hockey f\u00e9minin en Suisse. Faites un don pour aider nos \u00e9quipes, financer les entra\u00eenements et contribuer \u00e0 la formation des jeunes talents.\" \/>\n<meta property=\"og:url\" content=\"https:\/\/www.nha.hockey\/index.php\/faire-un-don\/\" \/>\n<meta property=\"og:site_name\" content=\"NHA | Neuch\u00e2tel Hockey Academy\" \/>\n<meta property=\"article:publisher\" content=\"https:\/\/www.facebook.com\/neuchatelhockeyacademy?locale=fr_FR\" \/>\n<meta property=\"article:modified_time\" content=\"2025-10-28T09:21:20+00:00\" \/>\n<meta property=\"og:image\" content=\"https:\/\/www.nha.hockey\/wp-content\/uploads\/2025\/09\/Docks-2024-42-scaled.jpg\" \/>\n\t<meta property=\"og:image:width\" content=\"2560\" \/>\n\t<meta property=\"og:image:height\" content=\"1536\" \/>\n\t<meta property=\"og:image:type\" content=\"image\/jpeg\" \/>\n<meta name=\"twitter:card\" content=\"summary_large_image\" \/>\n<meta name=\"twitter:label1\" content=\"Dur\u00e9e de lecture estim\u00e9e\" \/>\n\t<meta name=\"twitter:data1\" content=\"3 minutes\" \/>\n<script type=\"application\/ld+json\" class=\"yoast-schema-graph\">{\"@context\":\"https:\\\/\\\/schema.org\",\"@graph\":[{\"@type\":\"WebPage\",\"@id\":\"https:\\\/\\\/www.nha.hockey\\\/index.php\\\/faire-un-don\\\/\",\"url\":\"https:\\\/\\\/www.nha.hockey\\\/index.php\\\/faire-un-don\\\/\",\"name\":\"Faire un don - NHA | Neuch\u00e2tel Hockey Academy\",\"isPartOf\":{\"@id\":\"https:\\\/\\\/www.nha.hockey\\\/#website\"},\"primaryImageOfPage\":{\"@id\":\"https:\\\/\\\/www.nha.hockey\\\/index.php\\\/faire-un-don\\\/#primaryimage\"},\"image\":{\"@id\":\"https:\\\/\\\/www.nha.hockey\\\/index.php\\\/faire-un-don\\\/#primaryimage\"},\"thumbnailUrl\":\"https:\\\/\\\/www.nha.hockey\\\/wp-content\\\/uploads\\\/2025\\\/09\\\/Docks-2024-42-scaled.jpg\",\"datePublished\":\"2025-09-30T11:12:13+00:00\",\"dateModified\":\"2025-10-28T09:21:20+00:00\",\"description\":\"Soutenez la Neuch\u00e2tel Hockey Academy et le d\u00e9veloppement du hockey f\u00e9minin en Suisse. Faites un don pour aider nos \u00e9quipes, financer les entra\u00eenements et contribuer \u00e0 la formation des jeunes talents.\",\"breadcrumb\":{\"@id\":\"https:\\\/\\\/www.nha.hockey\\\/index.php\\\/faire-un-don\\\/#breadcrumb\"},\"inLanguage\":\"fr-FR\",\"potentialAction\":[{\"@type\":\"ReadAction\",\"target\":[\"https:\\\/\\\/www.nha.hockey\\\/index.php\\\/faire-un-don\\\/\"]}]},{\"@type\":\"ImageObject\",\"inLanguage\":\"fr-FR\",\"@id\":\"https:\\\/\\\/www.nha.hockey\\\/index.php\\\/faire-un-don\\\/#primaryimage\",\"url\":\"https:\\\/\\\/www.nha.hockey\\\/wp-content\\\/uploads\\\/2025\\\/09\\\/Docks-2024-42-scaled.jpg\",\"contentUrl\":\"https:\\\/\\\/www.nha.hockey\\\/wp-content\\\/uploads\\\/2025\\\/09\\\/Docks-2024-42-scaled.jpg\",\"width\":2560,\"height\":1536,\"caption\":\"NHA_25\\\/26_Merci_NHA_Hockey_F\u00e9minin\"},{\"@type\":\"BreadcrumbList\",\"@id\":\"https:\\\/\\\/www.nha.hockey\\\/index.php\\\/faire-un-don\\\/#breadcrumb\",\"itemListElement\":[{\"@type\":\"ListItem\",\"position\":1,\"name\":\"Accueil\",\"item\":\"https:\\\/\\\/www.nha.hockey\\\/\"},{\"@type\":\"ListItem\",\"position\":2,\"name\":\"Faire un don\"}]},{\"@type\":\"WebSite\",\"@id\":\"https:\\\/\\\/www.nha.hockey\\\/#website\",\"url\":\"https:\\\/\\\/www.nha.hockey\\\/\",\"name\":\"NHA | Neuch\u00e2tel Hockey Academy\",\"description\":\"Le hockey sur glace? Un sport de filles!\",\"publisher\":{\"@id\":\"https:\\\/\\\/www.nha.hockey\\\/#organization\"},\"potentialAction\":[{\"@type\":\"SearchAction\",\"target\":{\"@type\":\"EntryPoint\",\"urlTemplate\":\"https:\\\/\\\/www.nha.hockey\\\/?s={search_term_string}\"},\"query-input\":{\"@type\":\"PropertyValueSpecification\",\"valueRequired\":true,\"valueName\":\"search_term_string\"}}],\"inLanguage\":\"fr-FR\"},{\"@type\":\"Organization\",\"@id\":\"https:\\\/\\\/www.nha.hockey\\\/#organization\",\"name\":\"NHA | Neuch\u00e2tel Hockey Academy\",\"url\":\"https:\\\/\\\/www.nha.hockey\\\/\",\"logo\":{\"@type\":\"ImageObject\",\"inLanguage\":\"fr-FR\",\"@id\":\"https:\\\/\\\/www.nha.hockey\\\/#\\\/schema\\\/logo\\\/image\\\/\",\"url\":\"https:\\\/\\\/www.nha.hockey\\\/wp-content\\\/uploads\\\/2025\\\/08\\\/logo_club_bleu.png\",\"contentUrl\":\"https:\\\/\\\/www.nha.hockey\\\/wp-content\\\/uploads\\\/2025\\\/08\\\/logo_club_bleu.png\",\"width\":1081,\"height\":620,\"caption\":\"NHA | Neuch\u00e2tel Hockey Academy\"},\"image\":{\"@id\":\"https:\\\/\\\/www.nha.hockey\\\/#\\\/schema\\\/logo\\\/image\\\/\"},\"sameAs\":[\"https:\\\/\\\/www.facebook.com\\\/neuchatelhockeyacademy?locale=fr_FR\",\"https:\\\/\\\/www.instagram.com\\\/neuchatelhockeyacademy\\\/\"]}]}<\/script>\n<!-- \/ Yoast SEO plugin. -->","yoast_head_json":{"title":"Faire un don - NHA | Neuch\u00e2tel Hockey Academy","description":"Soutenez la Neuch\u00e2tel Hockey Academy et le d\u00e9veloppement du hockey f\u00e9minin en Suisse. Faites un don pour aider nos \u00e9quipes, financer les entra\u00eenements et contribuer \u00e0 la formation des jeunes talents.","robots":{"index":"index","follow":"follow","max-snippet":"max-snippet:-1","max-image-preview":"max-image-preview:large","max-video-preview":"max-video-preview:-1"},"canonical":"https:\/\/www.nha.hockey\/index.php\/faire-un-don\/","og_locale":"fr_FR","og_type":"article","og_title":"Faire un don - NHA | Neuch\u00e2tel Hockey Academy","og_description":"Soutenez la Neuch\u00e2tel Hockey Academy et le d\u00e9veloppement du hockey f\u00e9minin en Suisse. Faites un don pour aider nos \u00e9quipes, financer les entra\u00eenements et contribuer \u00e0 la formation des jeunes talents.","og_url":"https:\/\/www.nha.hockey\/index.php\/faire-un-don\/","og_site_name":"NHA | Neuch\u00e2tel Hockey Academy","article_publisher":"https:\/\/www.facebook.com\/neuchatelhockeyacademy?locale=fr_FR","article_modified_time":"2025-10-28T09:21:20+00:00","og_image":[{"width":2560,"height":1536,"url":"https:\/\/www.nha.hockey\/wp-content\/uploads\/2025\/09\/Docks-2024-42-scaled.jpg","type":"image\/jpeg"}],"twitter_card":"summary_large_image","twitter_misc":{"Dur\u00e9e de lecture estim\u00e9e":"3 minutes"},"schema":{"@context":"https:\/\/schema.org","@graph":[{"@type":"WebPage","@id":"https:\/\/www.nha.hockey\/index.php\/faire-un-don\/","url":"https:\/\/www.nha.hockey\/index.php\/faire-un-don\/","name":"Faire un don - NHA | Neuch\u00e2tel Hockey Academy","isPartOf":{"@id":"https:\/\/www.nha.hockey\/#website"},"primaryImageOfPage":{"@id":"https:\/\/www.nha.hockey\/index.php\/faire-un-don\/#primaryimage"},"image":{"@id":"https:\/\/www.nha.hockey\/index.php\/faire-un-don\/#primaryimage"},"thumbnailUrl":"https:\/\/www.nha.hockey\/wp-content\/uploads\/2025\/09\/Docks-2024-42-scaled.jpg","datePublished":"2025-09-30T11:12:13+00:00","dateModified":"2025-10-28T09:21:20+00:00","description":"Soutenez la Neuch\u00e2tel Hockey Academy et le d\u00e9veloppement du hockey f\u00e9minin en Suisse. Faites un don pour aider nos \u00e9quipes, financer les entra\u00eenements et contribuer \u00e0 la formation des jeunes talents.","breadcrumb":{"@id":"https:\/\/www.nha.hockey\/index.php\/faire-un-don\/#breadcrumb"},"inLanguage":"fr-FR","potentialAction":[{"@type":"ReadAction","target":["https:\/\/www.nha.hockey\/index.php\/faire-un-don\/"]}]},{"@type":"ImageObject","inLanguage":"fr-FR","@id":"https:\/\/www.nha.hockey\/index.php\/faire-un-don\/#primaryimage","url":"https:\/\/www.nha.hockey\/wp-content\/uploads\/2025\/09\/Docks-2024-42-scaled.jpg","contentUrl":"https:\/\/www.nha.hockey\/wp-content\/uploads\/2025\/09\/Docks-2024-42-scaled.jpg","width":2560,"height":1536,"caption":"NHA_25\/26_Merci_NHA_Hockey_F\u00e9minin"},{"@type":"BreadcrumbList","@id":"https:\/\/www.nha.hockey\/index.php\/faire-un-don\/#breadcrumb","itemListElement":[{"@type":"ListItem","position":1,"name":"Accueil","item":"https:\/\/www.nha.hockey\/"},{"@type":"ListItem","position":2,"name":"Faire un don"}]},{"@type":"WebSite","@id":"https:\/\/www.nha.hockey\/#website","url":"https:\/\/www.nha.hockey\/","name":"NHA | Neuch\u00e2tel Hockey Academy","description":"Le hockey sur glace? Un sport de filles!","publisher":{"@id":"https:\/\/www.nha.hockey\/#organization"},"potentialAction":[{"@type":"SearchAction","target":{"@type":"EntryPoint","urlTemplate":"https:\/\/www.nha.hockey\/?s={search_term_string}"},"query-input":{"@type":"PropertyValueSpecification","valueRequired":true,"valueName":"search_term_string"}}],"inLanguage":"fr-FR"},{"@type":"Organization","@id":"https:\/\/www.nha.hockey\/#organization","name":"NHA | Neuch\u00e2tel Hockey Academy","url":"https:\/\/www.nha.hockey\/","logo":{"@type":"ImageObject","inLanguage":"fr-FR","@id":"https:\/\/www.nha.hockey\/#\/schema\/logo\/image\/","url":"https:\/\/www.nha.hockey\/wp-content\/uploads\/2025\/08\/logo_club_bleu.png","contentUrl":"https:\/\/www.nha.hockey\/wp-content\/uploads\/2025\/08\/logo_club_bleu.png","width":1081,"height":620,"caption":"NHA | Neuch\u00e2tel Hockey Academy"},"image":{"@id":"https:\/\/www.nha.hockey\/#\/schema\/logo\/image\/"},"sameAs":["https:\/\/www.facebook.com\/neuchatelhockeyacademy?locale=fr_FR","https:\/\/www.instagram.com\/neuchatelhockeyacademy\/"]}]}},"_links":{"self":[{"href":"https:\/\/www.nha.hockey\/index.php\/wp-json\/wp\/v2\/pages\/1276","targetHints":{"allow":["GET"]}}],"collection":[{"href":"https:\/\/www.nha.hockey\/index.php\/wp-json\/wp\/v2\/pages"}],"about":[{"href":"https:\/\/www.nha.hockey\/index.php\/wp-json\/wp\/v2\/types\/page"}],"author":[{"embeddable":true,"href":"https:\/\/www.nha.hockey\/index.php\/wp-json\/wp\/v2\/users\/4"}],"replies":[{"embeddable":true,"href":"https:\/\/www.nha.hockey\/index.php\/wp-json\/wp\/v2\/comments?post=1276"}],"version-history":[{"count":19,"href":"https:\/\/www.nha.hockey\/index.php\/wp-json\/wp\/v2\/pages\/1276\/revisions"}],"predecessor-version":[{"id":2846,"href":"https:\/\/www.nha.hockey\/index.php\/wp-json\/wp\/v2\/pages\/1276\/revisions\/2846"}],"wp:featuredmedia":[{"embeddable":true,"href":"https:\/\/www.nha.hockey\/index.php\/wp-json\/wp\/v2\/media\/328"}],"wp:attachment":[{"href":"https:\/\/www.nha.hockey\/index.php\/wp-json\/wp\/v2\/media?parent=1276"}],"curies":[{"name":"wp","href":"https:\/\/api.w.org\/{rel}","templated":true}]}}